{"id":1231,"date":"2025-09-21T20:23:42","date_gmt":"2025-09-21T20:23:42","guid":{"rendered":"https:\/\/4movingminds.at\/?page_id=1231"},"modified":"2025-10-11T11:34:50","modified_gmt":"2025-10-11T11:34:50","slug":"impressum","status":"publish","type":"page","link":"https:\/\/4movingminds.at\/?page_id=1231","title":{"rendered":"Impressum"},"content":{"rendered":"\n<p>Impressum<\/p>\n\n\n\n<p>Angaben gem\u00e4\u00df \u00a7 5 E-Commerce Gesetz (ECG), \u00a7 24 Mediengesetz und \u00a7 13 Telekomm-Gesetz (TKG):<\/p>\n\n\n\n<p>Kompetenzwerk by 4MovingMinds<br>Inhaberin: Katharina Adamek, MA<br>Perthalergasse 1c<br>6020 Innsbruck<br>\u00d6sterreich<\/p>\n\n\n\n<p>E-Mail: katharina.adamek[at]gmx.at<\/p>\n\n\n\n<p>Unternehmensgegenstand: Training, E-Learning, Beratung<\/p>\n\n\n\n<p>Datenschutzerkl\u00e4rung<\/p>\n\n\n\n<p>Wir nehmen den Schutz Ihrer pers\u00f6nlichen Daten sehr ernst. Personenbezogene Daten werden auf dieser Website nur im technisch notwendigen Umfang erhoben.<\/p>\n\n\n\n<p>1. Verantwortliche<br>Katharina Adamek, MA<br>Perthalergasse 1c, 6020 Innsbruck<br>E-Mail: katharina.adamek[at]gmx.at<\/p>\n\n\n\n<p>2. Datenerfassung<br>Beim Besuch dieser Website werden automatisch Informationen (z. B. IP-Adresse, Datum, Uhrzeit, abgerufene Seiten) vom Server gespeichert. Diese Daten<strong> <\/strong>sind technisch erforderlich und dienen der Sicherstellung des Betriebs.<\/p>\n\n\n\n<p>3. Cookies<br>Diese Website kann Cookies verwenden. Sie dienen dazu, das Angebot nutzerfreundlicher und sicherer zu machen. Sie k\u00f6nnen die Speicherung von Cookies in Ihrem Browser deaktivieren.<\/p>\n\n\n\n<p>4. Kontaktaufnahme<br>Wenn Sie uns per E-Mail kontaktieren, werden Ihre Angaben ausschlie\u00dflich zur Bearbeitung der Anfrage verwendet. Sobald die Anfrage erledigt ist, werden die Daten gel\u00f6scht, sofern keine gesetzlichen Aufbewahrungspflichten bestehen.<\/p>\n\n\n\n<p>5. Ihre Rechte<br>Sie haben das Recht auf Auskunft, Berichtigung, L\u00f6schung, Einschr\u00e4nkung, Widerspruch und Daten\u00fcbertragbarkeit.<br>Beschwerden k\u00f6nnen Sie an die \u00f6sterreichische Datenschutzbeh\u00f6rde richten: <a href=\"http:\/\/www.dsb.gv.at\">www.dsb.gv.at<\/a><\/p>\n\n\n\n<p>Copyright<\/p>\n\n\n\n<p>\u00a9 2025 Katharina Adamek, MA \u2013 Alle Rechte vorbehalten.<\/p>\n\n\n\n<p>Texte, Bilder, Grafiken und Inhalte dieser Website sind urheberrechtlich gesch\u00fctzt. Eine Verwendung, Vervielf\u00e4ltigung oder Weitergabe ist ohne ausdr\u00fcckliche Zustimmung der Urheberin nicht gestattet.<\/p>\n","protected":false},"excerpt":{"rendered":"<p>Impressum Angaben gem\u00e4\u00df \u00a7 5 E-Commerce Gesetz (ECG), \u00a7 24 Mediengesetz und \u00a7 13 Telekomm-Gesetz (TKG): Kompetenzwerk by 4MovingMindsInhaberin: Katharina [&hellip;]<\/p>\n","protected":false},"author":1,"featured_media":0,"parent":0,"menu_order":0,"comment_status":"closed","ping_status":"closed","template":"","meta":{"site-sidebar-layout":"default","site-content-layout":"","ast-site-content-layout":"default","site-content-style":"default","site-sidebar-style":"default","ast-global-header-display":"","ast-banner-title-visibility":"","ast-main-header-display":"","ast-hfb-above-header-display":"","ast-hfb-below-header-display":"","ast-hfb-mobile-header-display":"","site-post-title":"","ast-breadcrumbs-content":"","ast-featured-img":"","footer-sml-layout":"","theme-transparent-header-meta":"","adv-header-id-meta":"","stick-header-meta":"","header-above-stick-meta":"","header-main-stick-meta":"","header-below-stick-meta":"","astra-migrate-meta-layouts":"default","ast-page-background-enabled":"default","ast-page-background-meta":{"desktop":{"background-color":"var(--ast-global-color-5)","background-image":"","background-repeat":"repeat","background-position":"center center","background-size":"auto","background-attachment":"scroll","background-type":"","background-media":"","overlay-type":"","overlay-color":"","overlay-opacity":"","overlay-gradient":""},"tablet":{"background-color":"","background-image":"","background-repeat":"repeat","background-position":"center center","background-size":"auto","background-attachment":"scroll","background-type":"","background-media":"","overlay-type":"","overlay-color":"","overlay-opacity":"","overlay-gradient":""},"mobile":{"background-color":"","background-image":"","background-repeat":"repeat","background-position":"center center","background-size":"auto","background-attachment":"scroll","background-type":"","background-media":"","overlay-type":"","overlay-color":"","overlay-opacity":"","overlay-gradient":""}},"ast-content-background-meta":{"desktop":{"background-color":"var(--ast-global-color-4)","background-image":"","background-repeat":"repeat","background-position":"center center","background-size":"auto","background-attachment":"scroll","background-type":"","background-media":"","overlay-type":"","overlay-color":"","overlay-opacity":"","overlay-gradient":""},"tablet":{"background-color":"var(--ast-global-color-4)","background-image":"","background-repeat":"repeat","background-position":"center center","background-size":"auto","background-attachment":"scroll","background-type":"","background-media":"","overlay-type":"","overlay-color":"","overlay-opacity":"","overlay-gradient":""},"mobile":{"background-color":"var(--ast-global-color-4)","background-image":"","background-repeat":"repeat","background-position":"center center","background-size":"auto","background-attachment":"scroll","background-type":"","background-media":"","overlay-type":"","overlay-color":"","overlay-opacity":"","overlay-gradient":""}},"footnotes":""},"class_list":["post-1231","page","type-page","status-publish","hentry"],"_links":{"self":[{"href":"https:\/\/4movingminds.at\/index.php?rest_route=\/wp\/v2\/pages\/1231","targetHints":{"allow":["GET"]}}],"collection":[{"href":"https:\/\/4movingminds.at\/index.php?rest_route=\/wp\/v2\/pages"}],"about":[{"href":"https:\/\/4movingminds.at\/index.php?rest_route=\/wp\/v2\/types\/page"}],"author":[{"embeddable":true,"href":"https:\/\/4movingminds.at\/index.php?rest_route=\/wp\/v2\/users\/1"}],"replies":[{"embeddable":true,"href":"https:\/\/4movingminds.at\/index.php?rest_route=%2Fwp%2Fv2%2Fcomments&post=1231"}],"version-history":[{"count":2,"href":"https:\/\/4movingminds.at\/index.php?rest_route=\/wp\/v2\/pages\/1231\/revisions"}],"predecessor-version":[{"id":1253,"href":"https:\/\/4movingminds.at\/index.php?rest_route=\/wp\/v2\/pages\/1231\/revisions\/1253"}],"wp:attachment":[{"href":"https:\/\/4movingminds.at\/index.php?rest_route=%2Fwp%2Fv2%2Fmedia&parent=1231"}],"curies":[{"name":"wp","href":"https:\/\/api.w.org\/{rel}","templated":true}]}}